{"id":1298,"date":"2024-06-23T21:10:14","date_gmt":"2024-06-23T21:10:14","guid":{"rendered":"http:\/\/magnetci.net.tr\/?post_type=product&#038;p=1298"},"modified":"2024-07-21T21:32:13","modified_gmt":"2024-07-21T21:32:13","slug":"bebek-ayak-acacak-magnet","status":"publish","type":"product","link":"http:\/\/magnetci.net.tr\/index.php\/urun\/bebek-ayak-acacak-magnet\/","title":{"rendered":"Bebek Ayak A\u00e7acak Magnet"},"content":{"rendered":"<ul>\n<li>Minimun 10 adet yapabilmekteyiz.<\/li>\n<li>G\u00f6rseldeki model \u00fczerine resimlerde bulunan modellerimizden se\u00e7ti\u011finizin bask\u0131s\u0131 yap\u0131lmaktad\u0131r.<\/li>\n<li>Sipari\u015f verirken<\/li>\n<li>&#8211; 1. Sat\u0131r : Bask\u0131 Modeli Kodu<\/li>\n<li>&#8211; 2. Sat\u0131r : \u0130\u00e7erisine Yaz\u0131lacak Metin,<\/li>\n<li>Olarak verebilirsiniz.<\/li>\n<li>\u00dcretim S\u00fcresi Ortalama 1-2 \u0130\u015f G\u00fcn\u00fcd\u00fcr.<\/li>\n<li>Resim Bask\u0131s\u0131 Yap\u0131lmaktad\u0131r.<\/li>\n<li>Resim Bask\u0131s\u0131n\u0131n \u00e7\u00f6z\u00fcn\u00fcrl\u00fck garantisi yoktur.<\/li>\n<li>Resim Bask\u0131s\u0131n\u0131n kalitesi g\u00f6nderilen resmin \u00e7\u00f6z\u00fcn\u00fcrl\u00fc\u011f\u00fcne g\u00f6re de\u011fi\u015fmektedir koyu veya a\u00e7\u0131k renkli \u00e7\u0131kabilir garantisi yoktur.<\/li>\n<li>Plastik A\u00e7acaklar\u0131m\u0131z Sert Kaliteli Malzemeden \u00dcretilmektedir.<\/li>\n<li>\u015eeffaf JELET\u0130NS\u0130Z g\u00f6nderilmektedir.<\/li>\n<li>Sipari\u015f i\u00e7in Whatsapp Hatt\u0131m\u0131zdan 0540 460 20 20 veya grafik@magnetci.net.tr adresinden bize ula\u015fabilirsiniz.<\/li>\n<\/ul>\n","protected":false},"excerpt":{"rendered":"<p>Sipari\u015f verirken<\/p>\n<p>1. Sat\u0131r : Bask\u0131 Modeli Kodu\u00a0 &#8211; \u00d6rn: k12<\/p>\n<p>2. Sat\u0131r : Yazi Metni &#8211;<\/p>\n<p>\u00d6rn: Ma\u015fallah<\/p>\n<p>Ali Osman<\/p>\n<p>14.05.2024<\/p>\n","protected":false},"featured_media":1425,"comment_status":"open","ping_status":"closed","template":"","meta":[],"product_cat":[29,34],"product_tag":[],"class_list":["post-1298","product","type-product","status-publish","has-post-thumbnail","hentry","product_cat-buyuk_kapak_acacak_magnet","product_cat-bebek_ayagi_acacak_magnet"],"aioseo_notices":[],"_links":{"self":[{"href":"http:\/\/magnetci.net.tr\/index.php\/wp-json\/wp\/v2\/product\/1298","targetHints":{"allow":["GET"]}}],"collection":[{"href":"http:\/\/magnetci.net.tr\/index.php\/wp-json\/wp\/v2\/product"}],"about":[{"href":"http:\/\/magnetci.net.tr\/index.php\/wp-json\/wp\/v2\/types\/product"}],"replies":[{"embeddable":true,"href":"http:\/\/magnetci.net.tr\/index.php\/wp-json\/wp\/v2\/comments?post=1298"}],"wp:featuredmedia":[{"embeddable":true,"href":"http:\/\/magnetci.net.tr\/index.php\/wp-json\/wp\/v2\/media\/1425"}],"wp:attachment":[{"href":"http:\/\/magnetci.net.tr\/index.php\/wp-json\/wp\/v2\/media?parent=1298"}],"wp:term":[{"taxonomy":"product_cat","embeddable":true,"href":"http:\/\/magnetci.net.tr\/index.php\/wp-json\/wp\/v2\/product_cat?post=1298"},{"taxonomy":"product_tag","embeddable":true,"href":"http:\/\/magnetci.net.tr\/index.php\/wp-json\/wp\/v2\/product_tag?post=1298"}],"curies":[{"name":"wp","href":"https:\/\/api.w.org\/{rel}","templated":true}]}}